{"id":4401,"date":"2021-03-08T08:53:59","date_gmt":"2021-03-08T08:53:59","guid":{"rendered":"https:\/\/www.gelenkpunkt.com\/lexicon"},"modified":"2021-03-08T08:54:57","modified_gmt":"2021-03-08T08:54:57","slug":"lexicon","status":"publish","type":"page","link":"https:\/\/www.gelenkpunkt.com\/en\/lexicon","title":{"rendered":"Lexicon"},"content":{"rendered":"\n<figure class=\"wp-block-table\"><table><tbody><tr><td><strong>AC joint<\/strong><\/td><td>Das Akromioklavikulargelenk (Schultereckgelenk) befindet sich\u00a0zwischen dem Schl\u00fcsselbein (Klavikula) und dem Schulterdach (Akromion). Ist dieses Gelenk verletzt, kann der Arm nicht mehr gehoben werden. Eingeschr\u00e4nkt sind dann vor allem \u00dcberkopf-Aktivit\u00e4ten und St\u00fctzbelastungen.<\/td><\/tr><tr><td><strong>Arthrosis<\/strong><\/td><td>Arthrosis is a degenerative joint disease or joint wear and tear that exceeds that which is normal for the age.<\/td><\/tr><tr><td><strong>Bizepssehne<\/strong><\/td><td>Die lange Bizepssehne hat bei Beschwerden der \u00a0Schulter eine Schl\u00fcsselrolle. Sie verl\u00e4uft am Oberarm durch eine kn\u00f6cherne Rinne nach oben ins Gelenk. Dort ist sie sehr anf\u00e4llig f\u00fcr Verletzungen und Abnutzungen und dann sehr schmerzempfindlich. Interessanterweise hat die lange Bizepssehne bei Menschen &#8211; anders als beim Vierbeiner &#8211; in der Entwicklungsgeschichte ihre biomechanische Funktion f\u00fcr das eigentliche Schultergelenk verloren.\u00a0<\/td><\/tr><tr><td><strong>Impingement<\/strong><\/td><td>Als Impingement bezeichnet man den Kontakt der Rotatorenmanschette mit dem Schulterdach. Dieses Problem kann entweder durch ein gest\u00f6rtes Zusammenspiel der\u00a0komplexen\u00a0Bewegungsabl\u00e4ufe (funktionell) oder durch eine Verletzung z.B. der Rotatorenmanschette und eine damit beeintr\u00e4chtigte Kraft\u00fcbertragung (strukturell)\u00a0entstehen. nur in den seltensten F\u00e4llen ist eine Spornbildung am Schulterdach und eine\u00a0\u201ekn\u00f6cherne Enge\u201c daf\u00fcr verantwortlich.<\/td><\/tr><tr><td><strong><strong>Calcified shoulder<\/strong><\/strong><\/td><td>Bei der Kalkschulter (Tendinosis calcarea) befindet sich in den Sehnen der Rotatorenmanschette ein Kalkdepot. Dieses entsteht aller Wahrscheinlichkeit nach h\u00e4ufig durch eine verminderte Durchblutung, was einen Sauerstoffmangel der Sehnenzellen zur Folge hat. Auch werden unbemerkte sog. Microtraumata mit kleinsten Einblutungen als Ursache diskutiert.<\/td><\/tr><tr><td><strong><strong>Rotator cuff<\/strong><\/strong><\/td><td>Die Rotatorenmanschette besteht aus vier Muskeln, Musculus subscapularis, Musculus supraspinatus, Musculus infraspinatus und Musculus teres minor und deren Sehnen, die zur Kraft\u00fcbertragung am Oberarmkopf ansetzen. Diese Muskel-Sehnen-Manschette dient zur Stabilisierung des Schultergelenks. Andererseits sind diese Muskeln aber auch daf\u00fcr zust\u00e4ndig, den Arm zu heben und zu drehen. Bei einer Rotatorenmanschettenverletzung kommt es h\u00e4ufig zu Kraftverlust und Schmerzen beim Heben des betroffenen Arms.<\/td><\/tr><\/tbody><\/table><\/figure>\n<figure class=\"wp-block-image size-full\"><img fetchpriority=\"high\" decoding=\"async\" width=\"2000\" height=\"1333\" src=\"https:\/\/www.gelenkpunkt.com\/wp-content\/uploads\/gelenkpunkt-praxis-1606210846.jpg\" alt=\"\" class=\"wp-image-4403\" srcset=\"https:\/\/www.gelenkpunkt.com\/wp-content\/uploads\/gelenkpunkt-praxis-1606210846.jpg 2000w, https:\/\/www.gelenkpunkt.com\/wp-content\/uploads\/gelenkpunkt-praxis-1606210846-300x200.jpg 300w, https:\/\/www.gelenkpunkt.com\/wp-content\/uploads\/gelenkpunkt-praxis-1606210846-1024x682.jpg 1024w, https:\/\/www.gelenkpunkt.com\/wp-content\/uploads\/gelenkpunkt-praxis-1606210846-768x512.jpg 768w, https:\/\/www.gelenkpunkt.com\/wp-content\/uploads\/gelenkpunkt-praxis-1606210846-1536x1024.jpg 1536w\" sizes=\"(max-width: 2000px) 100vw, 2000px\" \/><\/figure>","protected":false},"excerpt":{"rendered":"<p>AC joint Das Akromioklavikulargelenk (Schultereckgelenk) befindet sich\u00a0zwischen dem Schl\u00fcsselbein (Klavikula) und dem Schulterdach (Akromion). Ist dieses Gelenk verletzt, kann der Arm nicht mehr gehoben werden. Eingeschr\u00e4nkt sind dann vor allem \u00dcberkopf-Aktivit\u00e4ten und St\u00fctzbelastungen. Arthrosis Arthrosis is a degenerative joint disease or joint wear and tear that exceeds that which is normal for the age. Bizepssehne [&hellip;]<\/p>\n","protected":false},"author":1,"featured_media":0,"parent":0,"menu_order":0,"comment_status":"closed","ping_status":"closed","template":"","meta":{"_acf_changed":false,"inline_featured_image":false,"footnotes":""},"class_list":["post-4401","page","type-page","status-publish","hentry"],"acf":[],"yoast_head":"<!-- This site is optimized with the Yoast SEO plugin v27.4 - https:\/\/yoast.com\/product\/yoast-seo-wordpress\/ -->\n<title>Lexicon - GELENKpunkt<\/title>\n<meta name=\"robots\" content=\"noindex, follow\" \/>\n<meta property=\"og:locale\" content=\"en_US\" \/>\n<meta property=\"og:type\" content=\"article\" \/>\n<meta property=\"og:title\" content=\"Lexicon - GELENKpunkt\" \/>\n<meta property=\"og:description\" content=\"AC joint Das Akromioklavikulargelenk (Schultereckgelenk) befindet sich\u00a0zwischen dem Schl\u00fcsselbein (Klavikula) und dem Schulterdach (Akromion). Ist dieses Gelenk verletzt, kann der Arm nicht mehr gehoben werden. Eingeschr\u00e4nkt sind dann vor allem \u00dcberkopf-Aktivit\u00e4ten und St\u00fctzbelastungen. Arthrosis Arthrosis is a degenerative joint disease or joint wear and tear that exceeds that which is normal for the age. Bizepssehne [&hellip;]\" \/>\n<meta property=\"og:url\" content=\"https:\/\/www.gelenkpunkt.com\/en\/lexicon\" \/>\n<meta property=\"og:site_name\" content=\"GELENKpunkt\" \/>\n<meta property=\"article:modified_time\" content=\"2021-03-08T08:54:57+00:00\" \/>\n<meta property=\"og:image\" content=\"https:\/\/www.gelenkpunkt.com\/wp-content\/uploads\/gelenkpunkt-praxis-1606210846.jpg\" \/>\n<meta name=\"twitter:card\" content=\"summary_large_image\" \/>\n<meta name=\"twitter:label1\" content=\"Est. reading time\" \/>\n\t<meta name=\"twitter:data1\" content=\"1 minute\" \/>\n<script type=\"application\/ld+json\" class=\"yoast-schema-graph\">{\"@context\":\"https:\\\/\\\/schema.org\",\"@graph\":[{\"@type\":\"WebPage\",\"@id\":\"https:\\\/\\\/www.gelenkpunkt.com\\\/en\\\/lexicon\",\"url\":\"https:\\\/\\\/www.gelenkpunkt.com\\\/en\\\/lexicon\",\"name\":\"Lexicon - GELENKpunkt\",\"isPartOf\":{\"@id\":\"https:\\\/\\\/www.gelenkpunkt.com\\\/#website\"},\"primaryImageOfPage\":{\"@id\":\"https:\\\/\\\/www.gelenkpunkt.com\\\/en\\\/lexicon#primaryimage\"},\"image\":{\"@id\":\"https:\\\/\\\/www.gelenkpunkt.com\\\/en\\\/lexicon#primaryimage\"},\"thumbnailUrl\":\"https:\\\/\\\/www.gelenkpunkt.com\\\/wp-content\\\/uploads\\\/gelenkpunkt-praxis-1606210846.jpg\",\"datePublished\":\"2021-03-08T08:53:59+00:00\",\"dateModified\":\"2021-03-08T08:54:57+00:00\",\"breadcrumb\":{\"@id\":\"https:\\\/\\\/www.gelenkpunkt.com\\\/en\\\/lexicon#breadcrumb\"},\"inLanguage\":\"en-US\",\"potentialAction\":[{\"@type\":\"ReadAction\",\"target\":[\"https:\\\/\\\/www.gelenkpunkt.com\\\/en\\\/lexicon\"]}]},{\"@type\":\"ImageObject\",\"inLanguage\":\"en-US\",\"@id\":\"https:\\\/\\\/www.gelenkpunkt.com\\\/en\\\/lexicon#primaryimage\",\"url\":\"https:\\\/\\\/www.gelenkpunkt.com\\\/wp-content\\\/uploads\\\/gelenkpunkt-praxis-1606210846.jpg\",\"contentUrl\":\"https:\\\/\\\/www.gelenkpunkt.com\\\/wp-content\\\/uploads\\\/gelenkpunkt-praxis-1606210846.jpg\"},{\"@type\":\"BreadcrumbList\",\"@id\":\"https:\\\/\\\/www.gelenkpunkt.com\\\/en\\\/lexicon#breadcrumb\",\"itemListElement\":[{\"@type\":\"ListItem\",\"position\":1,\"name\":\"Startseite\",\"item\":\"https:\\\/\\\/www.gelenkpunkt.com\\\/en\"},{\"@type\":\"ListItem\",\"position\":2,\"name\":\"Lexicon\"}]},{\"@type\":\"WebSite\",\"@id\":\"https:\\\/\\\/www.gelenkpunkt.com\\\/#website\",\"url\":\"https:\\\/\\\/www.gelenkpunkt.com\\\/\",\"name\":\"GELENKpunkt\",\"description\":\"Sport- und Gelenkchirurgie Innsbruck\",\"potentialAction\":[{\"@type\":\"SearchAction\",\"target\":{\"@type\":\"EntryPoint\",\"urlTemplate\":\"https:\\\/\\\/www.gelenkpunkt.com\\\/?s={search_term_string}\"},\"query-input\":{\"@type\":\"PropertyValueSpecification\",\"valueRequired\":true,\"valueName\":\"search_term_string\"}}],\"inLanguage\":\"en-US\"}]}<\/script>\n<!-- \/ Yoast SEO plugin. -->","yoast_head_json":{"title":"Lexicon - GELENKpunkt","robots":{"index":"noindex","follow":"follow"},"og_locale":"en_US","og_type":"article","og_title":"Lexicon - GELENKpunkt","og_description":"AC joint Das Akromioklavikulargelenk (Schultereckgelenk) befindet sich\u00a0zwischen dem Schl\u00fcsselbein (Klavikula) und dem Schulterdach (Akromion). Ist dieses Gelenk verletzt, kann der Arm nicht mehr gehoben werden. Eingeschr\u00e4nkt sind dann vor allem \u00dcberkopf-Aktivit\u00e4ten und St\u00fctzbelastungen. Arthrosis Arthrosis is a degenerative joint disease or joint wear and tear that exceeds that which is normal for the age. Bizepssehne [&hellip;]","og_url":"https:\/\/www.gelenkpunkt.com\/en\/lexicon","og_site_name":"GELENKpunkt","article_modified_time":"2021-03-08T08:54:57+00:00","og_image":[{"url":"https:\/\/www.gelenkpunkt.com\/wp-content\/uploads\/gelenkpunkt-praxis-1606210846.jpg","type":"","width":"","height":""}],"twitter_card":"summary_large_image","twitter_misc":{"Est. reading time":"1 minute"},"schema":{"@context":"https:\/\/schema.org","@graph":[{"@type":"WebPage","@id":"https:\/\/www.gelenkpunkt.com\/en\/lexicon","url":"https:\/\/www.gelenkpunkt.com\/en\/lexicon","name":"Lexicon - GELENKpunkt","isPartOf":{"@id":"https:\/\/www.gelenkpunkt.com\/#website"},"primaryImageOfPage":{"@id":"https:\/\/www.gelenkpunkt.com\/en\/lexicon#primaryimage"},"image":{"@id":"https:\/\/www.gelenkpunkt.com\/en\/lexicon#primaryimage"},"thumbnailUrl":"https:\/\/www.gelenkpunkt.com\/wp-content\/uploads\/gelenkpunkt-praxis-1606210846.jpg","datePublished":"2021-03-08T08:53:59+00:00","dateModified":"2021-03-08T08:54:57+00:00","breadcrumb":{"@id":"https:\/\/www.gelenkpunkt.com\/en\/lexicon#breadcrumb"},"inLanguage":"en-US","potentialAction":[{"@type":"ReadAction","target":["https:\/\/www.gelenkpunkt.com\/en\/lexicon"]}]},{"@type":"ImageObject","inLanguage":"en-US","@id":"https:\/\/www.gelenkpunkt.com\/en\/lexicon#primaryimage","url":"https:\/\/www.gelenkpunkt.com\/wp-content\/uploads\/gelenkpunkt-praxis-1606210846.jpg","contentUrl":"https:\/\/www.gelenkpunkt.com\/wp-content\/uploads\/gelenkpunkt-praxis-1606210846.jpg"},{"@type":"BreadcrumbList","@id":"https:\/\/www.gelenkpunkt.com\/en\/lexicon#breadcrumb","itemListElement":[{"@type":"ListItem","position":1,"name":"Startseite","item":"https:\/\/www.gelenkpunkt.com\/en"},{"@type":"ListItem","position":2,"name":"Lexicon"}]},{"@type":"WebSite","@id":"https:\/\/www.gelenkpunkt.com\/#website","url":"https:\/\/www.gelenkpunkt.com\/","name":"GELENKpunkt","description":"Sport- und Gelenkchirurgie Innsbruck","potentialAction":[{"@type":"SearchAction","target":{"@type":"EntryPoint","urlTemplate":"https:\/\/www.gelenkpunkt.com\/?s={search_term_string}"},"query-input":{"@type":"PropertyValueSpecification","valueRequired":true,"valueName":"search_term_string"}}],"inLanguage":"en-US"}]}},"_links":{"self":[{"href":"https:\/\/www.gelenkpunkt.com\/en\/wp-json\/wp\/v2\/pages\/4401","targetHints":{"allow":["GET"]}}],"collection":[{"href":"https:\/\/www.gelenkpunkt.com\/en\/wp-json\/wp\/v2\/pages"}],"about":[{"href":"https:\/\/www.gelenkpunkt.com\/en\/wp-json\/wp\/v2\/types\/page"}],"author":[{"embeddable":true,"href":"https:\/\/www.gelenkpunkt.com\/en\/wp-json\/wp\/v2\/users\/1"}],"replies":[{"embeddable":true,"href":"https:\/\/www.gelenkpunkt.com\/en\/wp-json\/wp\/v2\/comments?post=4401"}],"version-history":[{"count":0,"href":"https:\/\/www.gelenkpunkt.com\/en\/wp-json\/wp\/v2\/pages\/4401\/revisions"}],"wp:attachment":[{"href":"https:\/\/www.gelenkpunkt.com\/en\/wp-json\/wp\/v2\/media?parent=4401"}],"curies":[{"name":"wp","href":"https:\/\/api.w.org\/{rel}","templated":true}]}}